{"id":700,"date":"2020-11-24T04:32:12","date_gmt":"2020-11-24T03:32:12","guid":{"rendered":"https:\/\/www.galijacolor.sk\/powder-coatings\/"},"modified":"2023-07-28T09:23:11","modified_gmt":"2023-07-28T07:23:11","slug":"powder-coatings","status":"publish","type":"page","link":"https:\/\/www.galijacolor.sk\/en\/powder-coatings\/","title":{"rendered":"Powder coatings"},"content":{"rendered":"<div class=\"wpb-content-wrapper\"><p>[vc_row css=&#8221;.vc_custom_1606190331037{margin-top: 70px !important;}&#8221;][vc_column width=&#8221;1\/2&#8243;][vc_column_text]<\/p>\n<h2><strong>Powder coatings<\/strong><\/h2>\n<p>Powder coatings are produced in the form of a very fine powder with a grain size diameter of 40-50 \u03bcm and a particle distribution of up to 100 \u03bcm (one \u03bcm is a thousandth of a mm).<\/p>\n<p>After application to a pre-treated metal substrate, it is necessary to heat this applied material in an oven at temperatures of 180-200\u00b0C for about 10-15 minutes, while there are colors with a firing temperature of 140\u00b0C.[\/vc_column_text][\/vc_column][vc_column width=&#8221;1\/2&#8243;][\/vc_column][\/vc_row][vc_row full_width=&#8221;stretch_row&#8221;][vc_column width=&#8221;1\/3&#8243;][vc_single_image image=&#8221;278&#8243; img_size=&#8221;full&#8221; alignment=&#8221;center&#8221;][vc_column_text css=&#8221;.vc_custom_1606193278433{margin-top: -67px !important;border-top-width: 1px !important;border-right-width: 1px !important;border-bottom-width: 1px !important;border-left-width: 1px !important;padding-top: 50px !important;padding-right: 30px !important;padding-bottom: 30px !important;padding-left: 30px !important;border-left-color: #24d0f4 !important;border-left-style: solid !important;border-right-color: #24d0f4 !important;border-right-style: solid !important;border-top-color: #24d0f4 !important;border-top-style: solid !important;border-bottom-color: #24d0f4 !important;border-bottom-style: solid !important;}&#8221;]<\/p>\n<h3 style=\"text-align: left;\"><strong>Epoxy coatings<\/strong><\/h3>\n<p>Epoxy coatings are intended <strong>exclusively for interior use<\/strong>. They provide maximum anti-corrosion protection and are also resistant to some chemical substances.[\/vc_column_text][\/vc_column][vc_column width=&#8221;1\/3&#8243;][vc_single_image image=&#8221;295&#8243; img_size=&#8221;full&#8221; alignment=&#8221;center&#8221;][vc_column_text css=&#8221;.vc_custom_1606193291730{margin-top: -67px !important;border-top-width: 1px !important;border-right-width: 1px !important;border-bottom-width: 1px !important;border-left-width: 1px !important;padding-top: 50px !important;padding-right: 30px !important;padding-bottom: 30px !important;padding-left: 30px !important;border-left-color: #24d0f4 !important;border-left-style: solid !important;border-right-color: #24d0f4 !important;border-right-style: solid !important;border-top-color: #24d0f4 !important;border-top-style: solid !important;border-bottom-color: #24d0f4 !important;border-bottom-style: solid !important;}&#8221;]<\/p>\n<h3 style=\"text-align: left;\"><strong>Epoxy polyester coatings<\/strong><\/h3>\n<p>These hybrid coatings are <strong>primarily<\/strong> intended <strong>for interior use,<\/strong> but can also be used on surfaces that are short-term exposed to the elements. They have high surface resistance, but do not provide UV protection.[\/vc_column_text][\/vc_column][vc_column width=&#8221;1\/3&#8243;][vc_single_image image=&#8221;297&#8243; img_size=&#8221;full&#8221; alignment=&#8221;center&#8221;][vc_column_text css=&#8221;.vc_custom_1606193428330{margin-top: -67px !important;border-top-width: 1px !important;border-right-width: 1px !important;border-bottom-width: 1px !important;border-left-width: 1px !important;padding-top: 50px !important;padding-right: 30px !important;padding-bottom: 30px !important;padding-left: 30px !important;border-left-color: #24d0f4 !important;border-left-style: solid !important;border-right-color: #24d0f4 !important;border-right-style: solid !important;border-top-color: #24d0f4 !important;border-top-style: solid !important;border-bottom-color: #24d0f4 !important;border-bottom-style: solid !important;}&#8221;]<\/p>\n<h3 style=\"text-align: left;\"><strong>Polyester and other topcoats<\/strong><\/h3>\n<p>Colors intended <strong>mainly for exteriors.<\/strong> They are maximally UV-stable and have a long life of shades and excellent constancy of colors and gloss.[\/vc_column_text][\/vc_column][\/vc_row][vc_row css=&#8221;.vc_custom_1606194639659{margin-top: 70px !important;}&#8221;][vc_column][vc_column_text]<\/p>\n<h3><span style=\"color: #000000;\"><strong>You can also find various specialties in our offer.<\/strong><\/span><\/h3>\n<p>[\/vc_column_text][vc_separator css=&#8221;.vc_custom_1606195082913{margin-top: -30px !important;}&#8221;][\/vc_column][\/vc_row][vc_row full_width=&#8221;stretch_row&#8221; css=&#8221;.vc_custom_1606195553661{margin-top: -20px !important;background-position: center !important;background-repeat: no-repeat !important;background-size: cover !important;}&#8221;][vc_column width=&#8221;1\/2&#8243;][vc_single_image image=&#8221;319&#8243; img_size=&#8221;full&#8221;][\/vc_column][vc_column width=&#8221;1\/2&#8243;][vc_column_text css=&#8221;.vc_custom_1606195045339{margin-top: 100px !important;}&#8221;]<\/p>\n<h3><strong>ZeroZinc Prime NA<\/strong><\/h3>\n<h4><strong>corrosion fighter,<\/strong><br \/>\n<strong>responsible towards the environment<\/strong><\/h4>\n<p>Primer based on zinc-free epoxy resin. highly efficient and environmentally responsible solution . It contributes to operational savings by reducing high repair and maintenance costs.<\/p>\n<p>Ideal for use in the construction, industrial, architectural and transportation markets, ZeroZinc performs well on metal structures, metal fences, hardware, agricultural equipment and more.[\/vc_column_text][\/vc_column][\/vc_row][vc_row full_width=&#8221;stretch_row&#8221; css=&#8221;.vc_custom_1606195832438{background-position: center !important;background-repeat: no-repeat !important;background-size: cover !important;}&#8221;][vc_column width=&#8221;1\/2&#8243;][vc_column_text css=&#8221;.vc_custom_1606195690833{margin-top: 120px !important;}&#8221;]<\/p>\n<h3 style=\"text-align: right;\"><strong>Anti-Graffiti<\/strong><\/h3>\n<p style=\"text-align: right;\">Our anti-graffiti coatings contain easy-to-clean agents to protect surfaces from the permanent effects of spray paint and markers. It has excellent outdoor durability due to excellent chemical resistance, very good UV protection and excellent film hardness.<\/p>\n<p style=\"text-align: right;\">Good weather resistance and chemical resistance make them an ideal protective coating for signboards, cabinets, toilets, signs, indoor and outdoor recreation facilities, public spaces and transport terminals.<\/p>\n<p>[\/vc_column_text][\/vc_column][vc_column width=&#8221;1\/2&#8243;][vc_single_image image=&#8221;324&#8243; img_size=&#8221;full&#8221;][\/vc_column][\/vc_row][vc_row full_width=&#8221;stretch_row&#8221; css=&#8221;.vc_custom_1606199421926{background-color: #104772 !important;}&#8221;][vc_column][vc_column_text]<\/p>\n<h5 style=\"text-align: center;\"><span style=\"color: #ffffff;\"><strong>Do you need advice?<\/strong><\/span><\/h5>\n<p style=\"text-align: center;\"><span style=\"color: #ffffff;\">Whether you are opening a new coating operation unit or need advice on established processes, we are at your disposal. Our specialties know how to cooperate and set up the entire process step by step, from the design of the solution to the selection of a suitable painting process, the selection of coating materials, to technical supervision and staff training.<\/span><\/p>\n<p>[\/vc_column_text][\/vc_column][\/vc_row][vc_row][vc_column width=&#8221;1\/4&#8243;][vc_single_image image=&#8221;332&#8243; img_size=&#8221;full&#8221; alignment=&#8221;center&#8221;][vc_column_text css=&#8221;.vc_custom_1606197632354{margin-top: -35px !important;padding-right: 30px !important;padding-left: 30px !important;}&#8221;]<\/p>\n<h4 style=\"text-align: center;\"><strong>CONSULTANCY<\/strong><br \/>\n<strong>AND SERVICE<\/strong><\/h4>\n<p>[\/vc_column_text][\/vc_column][vc_column width=&#8221;1\/4&#8243;][vc_single_image image=&#8221;336&#8243; img_size=&#8221;full&#8221; alignment=&#8221;center&#8221;][vc_column_text css=&#8221;.vc_custom_1606197659211{margin-top: -35px !important;padding-right: 30px !important;padding-left: 30px !important;}&#8221;]<\/p>\n<h4 style=\"text-align: center;\"><strong>TOP STOCK<\/strong><br \/>\n<strong>IN SLOVAKIA<\/strong><\/h4>\n<p>[\/vc_column_text][\/vc_column][vc_column width=&#8221;1\/4&#8243;][vc_single_image image=&#8221;337&#8243; img_size=&#8221;full&#8221; alignment=&#8221;center&#8221;][vc_column_text css=&#8221;.vc_custom_1606197668019{margin-top: -35px !important;padding-right: 30px !important;padding-left: 30px !important;}&#8221;]<\/p>\n<h4 style=\"text-align: center;\"><strong>IMPORT<\/strong><br \/>\n<strong>UP TO YOU<\/strong><\/h4>\n<p>[\/vc_column_text][\/vc_column][vc_column width=&#8221;1\/4&#8243;][vc_single_image image=&#8221;338&#8243; img_size=&#8221;full&#8221; alignment=&#8221;center&#8221;][vc_column_text css=&#8221;.vc_custom_1606197676275{margin-top: -35px !important;padding-right: 30px !important;padding-left: 30px !important;}&#8221;]<\/p>\n<h4 style=\"text-align: center;\"><strong>SPEED<\/strong><br \/>\n<strong>DELIVERY<\/strong><\/h4>\n<p>[\/vc_column_text][\/vc_column][\/vc_row][vc_row full_width=&#8221;stretch_row_content_no_spaces&#8221;][vc_column][vc_separator css=&#8221;.vc_custom_1606198383449{padding-top: 2px !important;}&#8221;][\/vc_column][\/vc_row][vc_row css=&#8221;.vc_custom_1606198362384{margin-top: 80px !important;}&#8221;][vc_column width=&#8221;1\/4&#8243;][\/vc_column][vc_column width=&#8221;1\/2&#8243;][vc_column_text]<\/p>\n<h5><strong>Do not hesitate to contact us!<\/strong><\/h5>\n<p>[\/vc_column_text][vc_column_text]<\/p>\n<p style=\"text-align: center;\">On working days, Monday &#8211; Friday from 8:00 a.m. to 4:00 p.m. you can reach us on the phone numbers:<\/p>\n<p style=\"text-align: center;\"><strong>KO\u0160ICE<\/strong> 0905 881 094<br \/>\n<strong>NITRA<\/strong> 0903 993 336<\/p>\n<p style=\"text-align: center;\">You can contact us continuously by email at office@galijacolor.sk<\/p>\n<p>[\/vc_column_text]\n<div class=\"wpcf7 no-js\" id=\"wpcf7-f741-o1\" lang=\"sk-SK\" dir=\"ltr\" data-wpcf7-id=\"741\">\n<div class=\"screen-reader-response\"><p role=\"status\" aria-live=\"polite\" aria-atomic=\"true\"><\/p> <ul><\/ul><\/div>\n<form action=\"\/en\/wp-json\/wp\/v2\/pages\/700#wpcf7-f741-o1\" method=\"post\" class=\"wpcf7-form init\" aria-label=\"Kontaktn\u00fd formul\u00e1r\" novalidate=\"novalidate\" data-status=\"init\">\n<fieldset class=\"hidden-fields-container\"><input type=\"hidden\" name=\"_wpcf7\" value=\"741\" \/><input type=\"hidden\" name=\"_wpcf7_version\" value=\"6.1.4\" \/><input type=\"hidden\" name=\"_wpcf7_locale\" value=\"sk_SK\" \/><input type=\"hidden\" name=\"_wpcf7_unit_tag\" value=\"wpcf7-f741-o1\" \/><input type=\"hidden\" name=\"_wpcf7_container_post\" value=\"0\" \/><input type=\"hidden\" name=\"_wpcf7_posted_data_hash\" value=\"\" \/>\n<\/fieldset>\n<p><span class=\"wpcf7-form-control-wrap\" data-name=\"your-name\"><input size=\"40\" maxlength=\"400\" class=\"wpcf7-form-control wpcf7-text wpcf7-validates-as-required\" aria-required=\"true\" aria-invalid=\"false\" placeholder=\"Your name\" value=\"\" type=\"text\" name=\"your-name\" \/><\/span>\n<\/p>\n<p><span class=\"wpcf7-form-control-wrap\" data-name=\"your-email\"><input size=\"40\" maxlength=\"400\" class=\"wpcf7-form-control wpcf7-email wpcf7-validates-as-required wpcf7-text wpcf7-validates-as-email\" aria-required=\"true\" aria-invalid=\"false\" placeholder=\"Your email\" value=\"\" type=\"email\" name=\"your-email\" \/><\/span>\n<\/p>\n<p><span class=\"wpcf7-form-control-wrap\" data-name=\"your-subject\"><input size=\"40\" maxlength=\"400\" class=\"wpcf7-form-control wpcf7-text wpcf7-validates-as-required\" aria-required=\"true\" aria-invalid=\"false\" placeholder=\"Subject\" value=\"\" type=\"text\" name=\"your-subject\" \/><\/span>\n<\/p>\n<p><span class=\"wpcf7-form-control-wrap\" data-name=\"your-message\"><textarea cols=\"40\" rows=\"10\" maxlength=\"2000\" class=\"wpcf7-form-control wpcf7-textarea\" aria-invalid=\"false\" placeholder=\"Your message\" name=\"your-message\"><\/textarea><\/span><br \/>\n<span class=\"wpcf7-form-control-wrap\" data-name=\"acceptance-211\"><span class=\"wpcf7-form-control wpcf7-acceptance\"><span class=\"wpcf7-list-item\"><label><input type=\"checkbox\" name=\"acceptance-211\" value=\"1\" aria-invalid=\"false\" \/><span class=\"wpcf7-list-item-label\">I have read the terms and conditions <a target=\"_blank\" href=\"\/ochrana-osobnych-udajov\/\">GDPR<\/a><\/span><\/label><\/span><\/span><\/span><br \/>\n<span class=\"wpcf7-form-control-wrap\" data-name=\"acceptance-212\"><span class=\"wpcf7-form-control wpcf7-acceptance\"><span class=\"wpcf7-list-item\"><label><input type=\"checkbox\" name=\"acceptance-212\" value=\"1\" aria-invalid=\"false\" \/><span class=\"wpcf7-list-item-label\">I agree to the processing of my personal data<\/span><\/label><\/span><\/span><\/span>\n<\/p>\n<p><input class=\"wpcf7-form-control wpcf7-submit has-spinner\" type=\"submit\" value=\"Send\" \/>\n<\/p><div class=\"wpcf7-response-output\" aria-hidden=\"true\"><\/div>\n<\/form>\n<\/div>\n[\/vc_column][vc_column width=&#8221;1\/4&#8243;][\/vc_column][\/vc_row]<\/p>\n<\/div>","protected":false},"excerpt":{"rendered":"<p>[vc_row css=&#8221;.vc_custom_1606190331037{margin-top: 70px !important;}&#8221;][vc_column width=&#8221;1\/2&#8243;][vc_column_text] Powder coatings Powder coatings are produced in the form of a very fine powder with a grain size diameter of 40-50 \u03bcm and a particle distribution of up to 100 \u03bcm (one \u03bcm is a thousandth of a mm). After application to a pre-treated metal substrate, it is necessary to&hellip;<\/p>\n","protected":false},"author":1,"featured_media":0,"parent":0,"menu_order":0,"comment_status":"closed","ping_status":"closed","template":"","meta":{"footnotes":""},"class_list":["post-700","page","type-page","status-publish","hentry","description-off"],"yoast_head":"<!-- This site is optimized with the Yoast SEO plugin v26.8 - https:\/\/yoast.com\/product\/yoast-seo-wordpress\/ -->\n<title>POWDER COATINGS - GALIJA COLOR<\/title>\n<meta name=\"description\" content=\"Powder coatings are produced in the form of a very fine powder. Epoxy coatings. Epoxy polyester coatings. Polyester and other topcoats.\" \/>\n<meta name=\"robots\" content=\"index, follow, max-snippet:-1, max-image-preview:large, max-video-preview:-1\" \/>\n<link rel=\"canonical\" href=\"https:\/\/www.galijacolor.sk\/en\/powder-coatings\/\" \/>\n<meta property=\"og:locale\" content=\"en_US\" \/>\n<meta property=\"og:type\" content=\"article\" \/>\n<meta property=\"og:title\" content=\"POWDER COATINGS - GALIJA COLOR\" \/>\n<meta property=\"og:description\" content=\"Powder coatings are produced in the form of a very fine powder. Epoxy coatings. Epoxy polyester coatings. Polyester and other topcoats.\" \/>\n<meta property=\"og:url\" content=\"https:\/\/www.galijacolor.sk\/en\/powder-coatings\/\" \/>\n<meta property=\"og:site_name\" content=\"GALIJA COLOR\" \/>\n<meta property=\"article:modified_time\" content=\"2023-07-28T07:23:11+00:00\" \/>\n<meta name=\"twitter:card\" content=\"summary_large_image\" \/>\n<meta name=\"twitter:label1\" content=\"Est. reading time\" \/>\n\t<meta name=\"twitter:data1\" content=\"4 minutes\" \/>\n<script type=\"application\/ld+json\" class=\"yoast-schema-graph\">{\"@context\":\"https:\/\/schema.org\",\"@graph\":[{\"@type\":\"WebPage\",\"@id\":\"https:\/\/www.galijacolor.sk\/en\/powder-coatings\/\",\"url\":\"https:\/\/www.galijacolor.sk\/en\/powder-coatings\/\",\"name\":\"POWDER COATINGS - GALIJA COLOR\",\"isPartOf\":{\"@id\":\"https:\/\/www.galijacolor.sk\/#website\"},\"datePublished\":\"2020-11-24T03:32:12+00:00\",\"dateModified\":\"2023-07-28T07:23:11+00:00\",\"description\":\"Powder coatings are produced in the form of a very fine powder. Epoxy coatings. Epoxy polyester coatings. Polyester and other topcoats.\",\"breadcrumb\":{\"@id\":\"https:\/\/www.galijacolor.sk\/en\/powder-coatings\/#breadcrumb\"},\"inLanguage\":\"en-US\",\"potentialAction\":[{\"@type\":\"ReadAction\",\"target\":[\"https:\/\/www.galijacolor.sk\/en\/powder-coatings\/\"]}]},{\"@type\":\"BreadcrumbList\",\"@id\":\"https:\/\/www.galijacolor.sk\/en\/powder-coatings\/#breadcrumb\",\"itemListElement\":[{\"@type\":\"ListItem\",\"position\":1,\"name\":\"Domovsk\u00e1 str\u00e1nka\",\"item\":\"https:\/\/www.galijacolor.sk\/en\/\"},{\"@type\":\"ListItem\",\"position\":2,\"name\":\"Powder coatings\"}]},{\"@type\":\"WebSite\",\"@id\":\"https:\/\/www.galijacolor.sk\/#website\",\"url\":\"https:\/\/www.galijacolor.sk\/\",\"name\":\"GALIJA COLOR\",\"description\":\"- v\u00e1\u0161 odborn\u00edk na priemyseln\u00e9 farby\",\"potentialAction\":[{\"@type\":\"SearchAction\",\"target\":{\"@type\":\"EntryPoint\",\"urlTemplate\":\"https:\/\/www.galijacolor.sk\/?s={search_term_string}\"},\"query-input\":{\"@type\":\"PropertyValueSpecification\",\"valueRequired\":true,\"valueName\":\"search_term_string\"}}],\"inLanguage\":\"en-US\"}]}<\/script>\n<!-- \/ Yoast SEO plugin. -->","yoast_head_json":{"title":"POWDER COATINGS - GALIJA COLOR","description":"Powder coatings are produced in the form of a very fine powder. Epoxy coatings. Epoxy polyester coatings. Polyester and other topcoats.","robots":{"index":"index","follow":"follow","max-snippet":"max-snippet:-1","max-image-preview":"max-image-preview:large","max-video-preview":"max-video-preview:-1"},"canonical":"https:\/\/www.galijacolor.sk\/en\/powder-coatings\/","og_locale":"en_US","og_type":"article","og_title":"POWDER COATINGS - GALIJA COLOR","og_description":"Powder coatings are produced in the form of a very fine powder. Epoxy coatings. Epoxy polyester coatings. Polyester and other topcoats.","og_url":"https:\/\/www.galijacolor.sk\/en\/powder-coatings\/","og_site_name":"GALIJA COLOR","article_modified_time":"2023-07-28T07:23:11+00:00","twitter_card":"summary_large_image","twitter_misc":{"Est. reading time":"4 minutes"},"schema":{"@context":"https:\/\/schema.org","@graph":[{"@type":"WebPage","@id":"https:\/\/www.galijacolor.sk\/en\/powder-coatings\/","url":"https:\/\/www.galijacolor.sk\/en\/powder-coatings\/","name":"POWDER COATINGS - GALIJA COLOR","isPartOf":{"@id":"https:\/\/www.galijacolor.sk\/#website"},"datePublished":"2020-11-24T03:32:12+00:00","dateModified":"2023-07-28T07:23:11+00:00","description":"Powder coatings are produced in the form of a very fine powder. Epoxy coatings. Epoxy polyester coatings. Polyester and other topcoats.","breadcrumb":{"@id":"https:\/\/www.galijacolor.sk\/en\/powder-coatings\/#breadcrumb"},"inLanguage":"en-US","potentialAction":[{"@type":"ReadAction","target":["https:\/\/www.galijacolor.sk\/en\/powder-coatings\/"]}]},{"@type":"BreadcrumbList","@id":"https:\/\/www.galijacolor.sk\/en\/powder-coatings\/#breadcrumb","itemListElement":[{"@type":"ListItem","position":1,"name":"Domovsk\u00e1 str\u00e1nka","item":"https:\/\/www.galijacolor.sk\/en\/"},{"@type":"ListItem","position":2,"name":"Powder coatings"}]},{"@type":"WebSite","@id":"https:\/\/www.galijacolor.sk\/#website","url":"https:\/\/www.galijacolor.sk\/","name":"GALIJA COLOR","description":"- v\u00e1\u0161 odborn\u00edk na priemyseln\u00e9 farby","potentialAction":[{"@type":"SearchAction","target":{"@type":"EntryPoint","urlTemplate":"https:\/\/www.galijacolor.sk\/?s={search_term_string}"},"query-input":{"@type":"PropertyValueSpecification","valueRequired":true,"valueName":"search_term_string"}}],"inLanguage":"en-US"}]}},"_links":{"self":[{"href":"https:\/\/www.galijacolor.sk\/en\/wp-json\/wp\/v2\/pages\/700","targetHints":{"allow":["GET"]}}],"collection":[{"href":"https:\/\/www.galijacolor.sk\/en\/wp-json\/wp\/v2\/pages"}],"about":[{"href":"https:\/\/www.galijacolor.sk\/en\/wp-json\/wp\/v2\/types\/page"}],"author":[{"embeddable":true,"href":"https:\/\/www.galijacolor.sk\/en\/wp-json\/wp\/v2\/users\/1"}],"replies":[{"embeddable":true,"href":"https:\/\/www.galijacolor.sk\/en\/wp-json\/wp\/v2\/comments?post=700"}],"version-history":[{"count":3,"href":"https:\/\/www.galijacolor.sk\/en\/wp-json\/wp\/v2\/pages\/700\/revisions"}],"predecessor-version":[{"id":745,"href":"https:\/\/www.galijacolor.sk\/en\/wp-json\/wp\/v2\/pages\/700\/revisions\/745"}],"wp:attachment":[{"href":"https:\/\/www.galijacolor.sk\/en\/wp-json\/wp\/v2\/media?parent=700"}],"curies":[{"name":"wp","href":"https:\/\/api.w.org\/{rel}","templated":true}]}}