{"id":697,"date":"2021-03-05T14:50:29","date_gmt":"2021-03-05T13:50:29","guid":{"rendered":"https:\/\/www.galijacolor.sk\/description-of-brands\/"},"modified":"2023-07-28T10:20:59","modified_gmt":"2023-07-28T08:20:59","slug":"description-of-brands","status":"publish","type":"page","link":"https:\/\/www.galijacolor.sk\/en\/description-of-brands\/","title":{"rendered":"Description of brands"},"content":{"rendered":"<div class=\"wpb-content-wrapper\"><p>[vc_row css=&#8221;.vc_custom_1606190331037{margin-top: 70px !important;}&#8221;][vc_column width=&#8221;1\/2&#8243;][vc_column_text]<\/p>\n<h2><strong>Description of brands<\/strong><\/h2>\n<p>[\/vc_column_text][\/vc_column][vc_column width=&#8221;1\/2&#8243;][\/vc_column][\/vc_row][vc_row full_width=&#8221;stretch_row&#8221; content_placement=&#8221;middle&#8221; css=&#8221;.vc_custom_1614952106128{background-position: center !important;background-repeat: no-repeat !important;background-size: cover !important;}&#8221;][vc_column width=&#8221;1\/2&#8243;][vc_column_text]<\/p>\n<h3 style=\"text-align: right;\"><strong>Axalta<\/strong><\/h3>\n<p class=\"p1\" style=\"text-align: right;\"><span class=\"s1\">The manufacturer AXALTA (formerly DuPont) is the world&#8217;s largest manufacturer of car series and car repair paints, the world&#8217;s third largest manufacturer of paint materials, and is the owner of more than 50 patents It is a leader in introducing new technologies. With paints from the American manufacturer AXALTA, we achieve a 30% higher yield compared to other manufacturers.<\/span><\/p>\n<p>[\/vc_column_text][\/vc_column][vc_column width=&#8221;1\/2&#8243;][vc_single_image image=&#8221;394&#8243; img_size=&#8221;full&#8221; alignment=&#8221;center&#8221;][\/vc_column][\/vc_row][vc_row full_width=&#8221;stretch_row&#8221; css=&#8221;.vc_custom_1614952140861{background-position: center !important;background-repeat: no-repeat !important;background-size: cover !important;}&#8221;][vc_column width=&#8221;1\/2&#8243;][vc_single_image image=&#8221;463&#8243; img_size=&#8221;full&#8221; alignment=&#8221;center&#8221;][\/vc_column][vc_column width=&#8221;1\/2&#8243;][vc_column_text]<\/p>\n<h3><strong>Percotop<\/strong><\/h3>\n<p class=\"p1\"><span class=\"s1\">The industrial <\/span><span class=\"s1\">product line offers a highly effective painting system, characterized above all by high quality, efficiency, flexibility and economy.<\/span><\/p>\n<p class=\"p1\"><span class=\"s1\">The high flexibility of the system is reflected in a wide range of possible uses in a rich offer of base and top coating products that will meet most of your requirements<\/span><\/p>\n<p class=\"p1\"><span class=\"s1\">A high-quality coating system offers a solution for various types of loads. It meets high demands for economy, flexibility, protective function, visual effects, simple application and environmental friendliness.<\/span><\/p>\n<p class=\"p1\"><span class=\"s1\"> Percotop is suitable for almost any surface and has the ability to be combined with various pre treatment methods. It is available for various application devices and in a wide range of shades, gradations of gloss and structures. It is characterized by high coverage, excellent protection against atmospheric and chemical influences, mechanical and thermal stress.<\/span><\/p>\n<p>[\/vc_column_text][\/vc_column][\/vc_row][vc_row full_width=&#8221;stretch_row&#8221; content_placement=&#8221;middle&#8221; css=&#8221;.vc_custom_1614952226910{background-position: center !important;background-repeat: no-repeat !important;background-size: cover !important;}&#8221;][vc_column width=&#8221;1\/2&#8243;][vc_column_text]<\/p>\n<h3 style=\"text-align: right;\"><strong>Alesta<\/strong><\/h3>\n<p class=\"p1\" style=\"text-align: right;\"><span class=\"s1\">The company&#8217;s powder division under the name AXALTA<\/span><b> <\/b><span class=\"s1\">is characterized by ease of use, high efficiency (class A spillage) and excellent chemical and mechanical resistance It does not contain solvents and the use of raw materials harmful to health is limited. Various color shades, textures and effects are available with economic properties comparable to wet paints. Standard powder paint products are: Epoxy, Epoxy polyester, Industrial polyester, Polyurethane.<\/span><\/p>\n<p class=\"p1\" style=\"text-align: right;\"><span class=\"s1\">AXALTA is the main supplier of acrylic powder transparent paint for the Automotive industry (BMW).<\/span><\/p>\n<p class=\"p1\" style=\"text-align: right;\"><span class=\"s1\">The offer also includes <b>Antimicrobial<\/b>, which prevents the appearance of bacteria, molds and other microbes <b>Coil Coating<\/b> with application at travel speeds of up to 100m\/min <b>Coatings on Plastics (Envex)<\/b> with application to plastics with excellent chemical and mechanical properties <b>High Heat Coatings<\/b> with temperature resistance 150\u00b0C to 550\u00b0C and <b>Thin Film<\/b> cost-effective thin film paints with excellent application properties.<\/span><\/p>\n<p>[\/vc_column_text][\/vc_column][vc_column width=&#8221;1\/2&#8243;][vc_single_image image=&#8221;459&#8243; img_size=&#8221;full&#8221; alignment=&#8221;center&#8221;][\/vc_column][\/vc_row][vc_row full_width=&#8221;stretch_row&#8221; content_placement=&#8221;middle&#8221; css=&#8221;.vc_custom_1614952662422{background-position: center !important;background-repeat: no-repeat !important;background-size: cover !important;}&#8221;][vc_column width=&#8221;1\/2&#8243;][vc_single_image image=&#8221;396&#8243; img_size=&#8221;full&#8221; alignment=&#8221;center&#8221;][\/vc_column][vc_column width=&#8221;1\/2&#8243;][vc_column_text]<\/p>\n<h3><strong>Inver SPA<\/strong><\/h3>\n<p class=\"p1\"><span class=\"s1\">Inver SPA is an Italian multinational company producing powder and liquid coatings with the quality of the Qualicoat certificate In the early 2000s, Inver SPA felt the need to sustain its national and international growth by setting up and aggregating its commercial and manufacturing activities to provide the technical, logistical and commercial side of services required by customers in the field of coatings. This need led to the idea of creating the Inver Group and a network of INVER subsidiaries able to meet the demands of national and international clients. Immediately after 2000, the first subsidiary was established in Germany and subsequently in France, Great Britain and Poland.<\/span><\/p>\n<p class=\"p1\"><span class=\"s1\">The brand&#8217;s portfolio includes coatings for agriculture, furniture, industrial equipment, construction equipment, white goods, energy and lighting, machine tools, light engineering, safety equipment, air conditioning, transport, work covers and containers.<\/span><\/p>\n<p>[\/vc_column_text][\/vc_column][\/vc_row][vc_row full_width=&#8221;stretch_row&#8221; content_placement=&#8221;middle&#8221; css=&#8221;.vc_custom_1614952669949{background-position: center !important;background-repeat: no-repeat !important;background-size: cover !important;}&#8221;][vc_column width=&#8221;1\/2&#8243;][vc_column_text]<\/p>\n<h3 style=\"text-align: right;\"><strong>Colore<\/strong><\/h3>\n<p class=\"p1\" style=\"text-align: right;\"><span class=\"s2\">The manufacturer of powder coatings has been operating on the market for more than 20 years. It enters the market with a high standard of quality. The standards of this manufacturer are based on technological innovations and careful selection of raw materials. The advantage of this manufacturer is the emphasis on fast production and delivery of powder paints, which they can deliver in any shade, design and without limitation of quantity.<\/span><\/p>\n<p class=\"p1\" style=\"text-align: right;\"><span class=\"s2\">COLORE is able to provide a wide range of powder colors at the express request of the customer. Production quality control from the laboratory sample to the production of individual batches is strictly controlled and documented. The inspection of each batch of production is divided into several series, different from each other in technical characteristics, for each of them it is possible to create all shades of colors and various surface effects. <\/span><\/p>\n<p>[\/vc_column_text][\/vc_column][vc_column width=&#8221;1\/2&#8243;][vc_single_image image=&#8221;395&#8243; img_size=&#8221;full&#8221; alignment=&#8221;center&#8221;][\/vc_column][\/vc_row][vc_row full_width=&#8221;stretch_row&#8221; content_placement=&#8221;middle&#8221; css=&#8221;.vc_custom_1614952676816{background-position: center !important;background-repeat: no-repeat !important;background-size: cover !important;}&#8221;][vc_column width=&#8221;1\/2&#8243;][vc_single_image image=&#8221;398&#8243; img_size=&#8221;full&#8221; alignment=&#8221;center&#8221;][\/vc_column][vc_column width=&#8221;1\/2&#8243;][vc_column_text]<\/p>\n<h3 style=\"text-align: left;\"><strong>Telluria paints and varnishes<\/strong><\/h3>\n<p class=\"p1\" style=\"text-align: left;\"><span class=\"s1\">The Czech<\/span> <span class=\"s1\">manufacturer<\/span> <span class=\"s1\">offers<\/span> <span class=\"s1\">customers<\/span> <span class=\"s1\">top<\/span> <span class=\"s1\">industrial<\/span> <span class=\"s1\">paints.<\/span> <span class=\"s1\">They are<\/span> <span class=\"s1\">intended<\/span> <span class=\"s1\">for<\/span> <span class=\"s1\">painting<\/span> <span class=\"s1\">transport<\/span> <span class=\"s1\">equipment<\/span> <span class=\"s1\">painting<\/span> <span class=\"s1\">machines<\/span> <span class=\"s1\">and<\/span> <span class=\"s1\">equipment,<\/span> <span class=\"s1\">structures<\/span> <span class=\"s1\">products<\/span> <span class=\"s1\">from<\/span> <span class=\"s1\">steel<\/span> <span class=\"s1\">and<\/span> <span class=\"s1\">plastic<\/span> <span class=\"s1\">dizajn<\/span> <span class=\"s1\">products<\/span> <span class=\"s1\">and<\/span> <span class=\"s1\">other<\/span> <span class=\"s1\">applications<\/span> <span class=\"s1\">with<\/span> <span class=\"s1\">high<\/span> <span class=\"s1\">demands<\/span> <span class=\"s1\">on the<\/span> <span class=\"s1\">quality<\/span> <span class=\"s1\">and<\/span> <span class=\"s1\">appearance<\/span> <span class=\"s1\">of the coatings.<\/span> <span class=\"s1\">The brand&#8217;s<\/span> <span class=\"s1\">portfolio<\/span> <span class=\"s1\">includes<\/span> <span class=\"s1\">is<\/span> <span class=\"s1\">Alkyds<\/span> <span class=\"s1\">Akryls,<\/span> <span class=\"s1\">Epoxids,<\/span> <span class=\"s1\">Polyurethanes<\/span> <span class=\"s1\">and<\/span> <span class=\"s1\">heat-<\/span> <span class=\"s1\">resistant<\/span> <span class=\"s1\">paints.<\/span><\/p>\n<p>[\/vc_column_text][\/vc_column][\/vc_row][vc_row full_width=&#8221;stretch_row&#8221; css=&#8221;.vc_custom_1606199421926{background-color: #104772 !important;}&#8221;][vc_column][vc_column_text]<\/p>\n<h5 style=\"text-align: center;\"><span style=\"color: #ffffff;\"><strong>Do you need advice?<\/strong><\/span><\/h5>\n<p style=\"text-align: center;\"><span style=\"color: #ffffff;\">Whether you are opening a new coating operation unit or need advice on established processes, we are at your disposal. Our specialists know how to cooperate and set up the entire process step by step, from the design of the solution to the selection of a suitable painting process, the selection of coating materials, to technical supervision and staff training.<\/span><\/p>\n<p>[\/vc_column_text][\/vc_column][\/vc_row][vc_row][vc_column width=&#8221;1\/4&#8243;][vc_single_image image=&#8221;332&#8243; img_size=&#8221;full&#8221; alignment=&#8221;center&#8221;][vc_column_text css=&#8221;.vc_custom_1606197632354{margin-top: -35px !important;padding-right: 30px !important;padding-left: 30px !important;}&#8221;]<\/p>\n<h4 style=\"text-align: center;\"><strong>CONSULTANCY<\/strong><br \/>\n<strong>AND SERVICE<\/strong><\/h4>\n<p>[\/vc_column_text][\/vc_column][vc_column width=&#8221;1\/4&#8243;][vc_single_image image=&#8221;336&#8243; img_size=&#8221;full&#8221; alignment=&#8221;center&#8221;][vc_column_text css=&#8221;.vc_custom_1606197659211{margin-top: -35px !important;padding-right: 30px !important;padding-left: 30px !important;}&#8221;]<\/p>\n<h4 style=\"text-align: center;\"><strong>TOP STOCK<\/strong><br \/>\n<strong>IN SLOVAKIA<\/strong><\/h4>\n<p>[\/vc_column_text][\/vc_column][vc_column width=&#8221;1\/4&#8243;][vc_single_image image=&#8221;337&#8243; img_size=&#8221;full&#8221; alignment=&#8221;center&#8221;][vc_column_text css=&#8221;.vc_custom_1606197668019{margin-top: -35px !important;padding-right: 30px !important;padding-left: 30px !important;}&#8221;]<\/p>\n<h4 style=\"text-align: center;\"><strong>IMPORT<\/strong><br \/>\n<strong>UP TO YOU<\/strong><\/h4>\n<p>[\/vc_column_text][\/vc_column][vc_column width=&#8221;1\/4&#8243;][vc_single_image image=&#8221;338&#8243; img_size=&#8221;full&#8221; alignment=&#8221;center&#8221;][vc_column_text css=&#8221;.vc_custom_1606197676275{margin-top: -35px !important;padding-right: 30px !important;padding-left: 30px !important;}&#8221;]<\/p>\n<h4 style=\"text-align: center;\"><strong>SPEED<\/strong><br \/>\n<strong>DELIVERY<\/strong><\/h4>\n<p>[\/vc_column_text][\/vc_column][\/vc_row][vc_row full_width=&#8221;stretch_row_content_no_spaces&#8221;][vc_column][vc_separator css=&#8221;.vc_custom_1606198383449{padding-top: 2px !important;}&#8221;][\/vc_column][\/vc_row][vc_row css=&#8221;.vc_custom_1606198362384{margin-top: 80px !important;}&#8221;][vc_column width=&#8221;1\/4&#8243;][\/vc_column][vc_column width=&#8221;1\/2&#8243;][vc_column_text]<\/p>\n<h5><strong>Do not hesitate to contact us!<\/strong><\/h5>\n<p>[\/vc_column_text][vc_column_text]<\/p>\n<p style=\"text-align: center;\">On working days, Monday &#8211; Friday from 8:00 a.m. to 4:00 p.m. you can reach us on the phone numbers:<\/p>\n<p style=\"text-align: center;\"><strong>KO\u0160ICE<\/strong> 0905 881 094<br \/>\n<strong>NITRA<\/strong> 0903 993 336<\/p>\n<p style=\"text-align: center;\">You can contact us continuously by email at office@galijacolor.sk<\/p>\n<p>[\/vc_column_text]\n<div class=\"wpcf7 no-js\" id=\"wpcf7-f741-o1\" lang=\"sk-SK\" dir=\"ltr\" data-wpcf7-id=\"741\">\n<div class=\"screen-reader-response\"><p role=\"status\" aria-live=\"polite\" aria-atomic=\"true\"><\/p> <ul><\/ul><\/div>\n<form action=\"\/en\/wp-json\/wp\/v2\/pages\/697#wpcf7-f741-o1\" method=\"post\" class=\"wpcf7-form init\" aria-label=\"Kontaktn\u00fd formul\u00e1r\" novalidate=\"novalidate\" data-status=\"init\">\n<fieldset class=\"hidden-fields-container\"><input type=\"hidden\" name=\"_wpcf7\" value=\"741\" \/><input type=\"hidden\" name=\"_wpcf7_version\" value=\"6.1.4\" \/><input type=\"hidden\" name=\"_wpcf7_locale\" value=\"sk_SK\" \/><input type=\"hidden\" name=\"_wpcf7_unit_tag\" value=\"wpcf7-f741-o1\" \/><input type=\"hidden\" name=\"_wpcf7_container_post\" value=\"0\" \/><input type=\"hidden\" name=\"_wpcf7_posted_data_hash\" value=\"\" \/>\n<\/fieldset>\n<p><span class=\"wpcf7-form-control-wrap\" data-name=\"your-name\"><input size=\"40\" maxlength=\"400\" class=\"wpcf7-form-control wpcf7-text wpcf7-validates-as-required\" aria-required=\"true\" aria-invalid=\"false\" placeholder=\"Your name\" value=\"\" type=\"text\" name=\"your-name\" \/><\/span>\n<\/p>\n<p><span class=\"wpcf7-form-control-wrap\" data-name=\"your-email\"><input size=\"40\" maxlength=\"400\" class=\"wpcf7-form-control wpcf7-email wpcf7-validates-as-required wpcf7-text wpcf7-validates-as-email\" aria-required=\"true\" aria-invalid=\"false\" placeholder=\"Your email\" value=\"\" type=\"email\" name=\"your-email\" \/><\/span>\n<\/p>\n<p><span class=\"wpcf7-form-control-wrap\" data-name=\"your-subject\"><input size=\"40\" maxlength=\"400\" class=\"wpcf7-form-control wpcf7-text wpcf7-validates-as-required\" aria-required=\"true\" aria-invalid=\"false\" placeholder=\"Subject\" value=\"\" type=\"text\" name=\"your-subject\" \/><\/span>\n<\/p>\n<p><span class=\"wpcf7-form-control-wrap\" data-name=\"your-message\"><textarea cols=\"40\" rows=\"10\" maxlength=\"2000\" class=\"wpcf7-form-control wpcf7-textarea\" aria-invalid=\"false\" placeholder=\"Your message\" name=\"your-message\"><\/textarea><\/span><br \/>\n<span class=\"wpcf7-form-control-wrap\" data-name=\"acceptance-211\"><span class=\"wpcf7-form-control wpcf7-acceptance\"><span class=\"wpcf7-list-item\"><label><input type=\"checkbox\" name=\"acceptance-211\" value=\"1\" aria-invalid=\"false\" \/><span class=\"wpcf7-list-item-label\">I have read the terms and conditions <a target=\"_blank\" href=\"\/ochrana-osobnych-udajov\/\">GDPR<\/a><\/span><\/label><\/span><\/span><\/span><br \/>\n<span class=\"wpcf7-form-control-wrap\" data-name=\"acceptance-212\"><span class=\"wpcf7-form-control wpcf7-acceptance\"><span class=\"wpcf7-list-item\"><label><input type=\"checkbox\" name=\"acceptance-212\" value=\"1\" aria-invalid=\"false\" \/><span class=\"wpcf7-list-item-label\">I agree to the processing of my personal data<\/span><\/label><\/span><\/span><\/span>\n<\/p>\n<p><input class=\"wpcf7-form-control wpcf7-submit has-spinner\" type=\"submit\" value=\"Send\" \/>\n<\/p><div class=\"wpcf7-response-output\" aria-hidden=\"true\"><\/div>\n<\/form>\n<\/div>\n[\/vc_column][vc_column width=&#8221;1\/4&#8243;][\/vc_column][\/vc_row]<\/p>\n<\/div>","protected":false},"excerpt":{"rendered":"<p>[vc_row css=&#8221;.vc_custom_1606190331037{margin-top: 70px !important;}&#8221;][vc_column width=&#8221;1\/2&#8243;][vc_column_text] Description of brands [\/vc_column_text][\/vc_column][vc_column width=&#8221;1\/2&#8243;][\/vc_column][\/vc_row][vc_row full_width=&#8221;stretch_row&#8221; content_placement=&#8221;middle&#8221; css=&#8221;.vc_custom_1614952106128{background-position: center !important;background-repeat: no-repeat !important;background-size: cover !important;}&#8221;][vc_column width=&#8221;1\/2&#8243;][vc_column_text] Axalta The manufacturer AXALTA (formerly DuPont) is the world&#8217;s largest manufacturer of car series and car repair paints, the world&#8217;s third largest manufacturer of paint materials, and is the owner of more than 50 patents&hellip;<\/p>\n","protected":false},"author":2,"featured_media":0,"parent":0,"menu_order":0,"comment_status":"closed","ping_status":"closed","template":"","meta":{"footnotes":""},"class_list":["post-697","page","type-page","status-publish","hentry","description-off"],"yoast_head":"<!-- This site is optimized with the Yoast SEO plugin v26.8 - https:\/\/yoast.com\/product\/yoast-seo-wordpress\/ -->\n<title>BRANDS - GALIJA COLOR<\/title>\n<meta name=\"description\" content=\"We stock the most famous brands on the market. AXALTA, PERCOTOP, ALESTA, INVER SPA, COLORE, Telluria paints and varnishes..\" \/>\n<meta name=\"robots\" content=\"index, follow, max-snippet:-1, max-image-preview:large, max-video-preview:-1\" \/>\n<link rel=\"canonical\" href=\"https:\/\/www.galijacolor.sk\/en\/description-of-brands\/\" \/>\n<meta property=\"og:locale\" content=\"en_US\" \/>\n<meta property=\"og:type\" content=\"article\" \/>\n<meta property=\"og:title\" content=\"BRANDS - GALIJA COLOR\" \/>\n<meta property=\"og:description\" content=\"We stock the most famous brands on the market. AXALTA, PERCOTOP, ALESTA, INVER SPA, COLORE, Telluria paints and varnishes..\" \/>\n<meta property=\"og:url\" content=\"https:\/\/www.galijacolor.sk\/en\/description-of-brands\/\" \/>\n<meta property=\"og:site_name\" content=\"GALIJA COLOR\" \/>\n<meta property=\"article:modified_time\" content=\"2023-07-28T08:20:59+00:00\" \/>\n<meta name=\"twitter:card\" content=\"summary_large_image\" \/>\n<meta name=\"twitter:label1\" content=\"Est. reading time\" \/>\n\t<meta name=\"twitter:data1\" content=\"6 minutes\" \/>\n<script type=\"application\/ld+json\" class=\"yoast-schema-graph\">{\"@context\":\"https:\/\/schema.org\",\"@graph\":[{\"@type\":\"WebPage\",\"@id\":\"https:\/\/www.galijacolor.sk\/en\/description-of-brands\/\",\"url\":\"https:\/\/www.galijacolor.sk\/en\/description-of-brands\/\",\"name\":\"BRANDS - GALIJA COLOR\",\"isPartOf\":{\"@id\":\"https:\/\/www.galijacolor.sk\/#website\"},\"datePublished\":\"2021-03-05T13:50:29+00:00\",\"dateModified\":\"2023-07-28T08:20:59+00:00\",\"description\":\"We stock the most famous brands on the market. AXALTA, PERCOTOP, ALESTA, INVER SPA, COLORE, Telluria paints and varnishes..\",\"breadcrumb\":{\"@id\":\"https:\/\/www.galijacolor.sk\/en\/description-of-brands\/#breadcrumb\"},\"inLanguage\":\"en-US\",\"potentialAction\":[{\"@type\":\"ReadAction\",\"target\":[\"https:\/\/www.galijacolor.sk\/en\/description-of-brands\/\"]}]},{\"@type\":\"BreadcrumbList\",\"@id\":\"https:\/\/www.galijacolor.sk\/en\/description-of-brands\/#breadcrumb\",\"itemListElement\":[{\"@type\":\"ListItem\",\"position\":1,\"name\":\"Domovsk\u00e1 str\u00e1nka\",\"item\":\"https:\/\/www.galijacolor.sk\/en\/\"},{\"@type\":\"ListItem\",\"position\":2,\"name\":\"Description of brands\"}]},{\"@type\":\"WebSite\",\"@id\":\"https:\/\/www.galijacolor.sk\/#website\",\"url\":\"https:\/\/www.galijacolor.sk\/\",\"name\":\"GALIJA COLOR\",\"description\":\"- v\u00e1\u0161 odborn\u00edk na priemyseln\u00e9 farby\",\"potentialAction\":[{\"@type\":\"SearchAction\",\"target\":{\"@type\":\"EntryPoint\",\"urlTemplate\":\"https:\/\/www.galijacolor.sk\/?s={search_term_string}\"},\"query-input\":{\"@type\":\"PropertyValueSpecification\",\"valueRequired\":true,\"valueName\":\"search_term_string\"}}],\"inLanguage\":\"en-US\"}]}<\/script>\n<!-- \/ Yoast SEO plugin. -->","yoast_head_json":{"title":"BRANDS - GALIJA COLOR","description":"We stock the most famous brands on the market. AXALTA, PERCOTOP, ALESTA, INVER SPA, COLORE, Telluria paints and varnishes..","robots":{"index":"index","follow":"follow","max-snippet":"max-snippet:-1","max-image-preview":"max-image-preview:large","max-video-preview":"max-video-preview:-1"},"canonical":"https:\/\/www.galijacolor.sk\/en\/description-of-brands\/","og_locale":"en_US","og_type":"article","og_title":"BRANDS - GALIJA COLOR","og_description":"We stock the most famous brands on the market. AXALTA, PERCOTOP, ALESTA, INVER SPA, COLORE, Telluria paints and varnishes..","og_url":"https:\/\/www.galijacolor.sk\/en\/description-of-brands\/","og_site_name":"GALIJA COLOR","article_modified_time":"2023-07-28T08:20:59+00:00","twitter_card":"summary_large_image","twitter_misc":{"Est. reading time":"6 minutes"},"schema":{"@context":"https:\/\/schema.org","@graph":[{"@type":"WebPage","@id":"https:\/\/www.galijacolor.sk\/en\/description-of-brands\/","url":"https:\/\/www.galijacolor.sk\/en\/description-of-brands\/","name":"BRANDS - GALIJA COLOR","isPartOf":{"@id":"https:\/\/www.galijacolor.sk\/#website"},"datePublished":"2021-03-05T13:50:29+00:00","dateModified":"2023-07-28T08:20:59+00:00","description":"We stock the most famous brands on the market. AXALTA, PERCOTOP, ALESTA, INVER SPA, COLORE, Telluria paints and varnishes..","breadcrumb":{"@id":"https:\/\/www.galijacolor.sk\/en\/description-of-brands\/#breadcrumb"},"inLanguage":"en-US","potentialAction":[{"@type":"ReadAction","target":["https:\/\/www.galijacolor.sk\/en\/description-of-brands\/"]}]},{"@type":"BreadcrumbList","@id":"https:\/\/www.galijacolor.sk\/en\/description-of-brands\/#breadcrumb","itemListElement":[{"@type":"ListItem","position":1,"name":"Domovsk\u00e1 str\u00e1nka","item":"https:\/\/www.galijacolor.sk\/en\/"},{"@type":"ListItem","position":2,"name":"Description of brands"}]},{"@type":"WebSite","@id":"https:\/\/www.galijacolor.sk\/#website","url":"https:\/\/www.galijacolor.sk\/","name":"GALIJA COLOR","description":"- v\u00e1\u0161 odborn\u00edk na priemyseln\u00e9 farby","potentialAction":[{"@type":"SearchAction","target":{"@type":"EntryPoint","urlTemplate":"https:\/\/www.galijacolor.sk\/?s={search_term_string}"},"query-input":{"@type":"PropertyValueSpecification","valueRequired":true,"valueName":"search_term_string"}}],"inLanguage":"en-US"}]}},"_links":{"self":[{"href":"https:\/\/www.galijacolor.sk\/en\/wp-json\/wp\/v2\/pages\/697","targetHints":{"allow":["GET"]}}],"collection":[{"href":"https:\/\/www.galijacolor.sk\/en\/wp-json\/wp\/v2\/pages"}],"about":[{"href":"https:\/\/www.galijacolor.sk\/en\/wp-json\/wp\/v2\/types\/page"}],"author":[{"embeddable":true,"href":"https:\/\/www.galijacolor.sk\/en\/wp-json\/wp\/v2\/users\/2"}],"replies":[{"embeddable":true,"href":"https:\/\/www.galijacolor.sk\/en\/wp-json\/wp\/v2\/comments?post=697"}],"version-history":[{"count":4,"href":"https:\/\/www.galijacolor.sk\/en\/wp-json\/wp\/v2\/pages\/697\/revisions"}],"predecessor-version":[{"id":799,"href":"https:\/\/www.galijacolor.sk\/en\/wp-json\/wp\/v2\/pages\/697\/revisions\/799"}],"wp:attachment":[{"href":"https:\/\/www.galijacolor.sk\/en\/wp-json\/wp\/v2\/media?parent=697"}],"curies":[{"name":"wp","href":"https:\/\/api.w.org\/{rel}","templated":true}]}}