{"id":691,"date":"2021-03-05T13:59:44","date_gmt":"2021-03-05T12:59:44","guid":{"rendered":"https:\/\/www.galijacolor.sk\/company-profile\/"},"modified":"2023-07-28T10:17:58","modified_gmt":"2023-07-28T08:17:58","slug":"company-profile","status":"publish","type":"page","link":"https:\/\/www.galijacolor.sk\/en\/company-profile\/","title":{"rendered":"Company profile"},"content":{"rendered":"<div class=\"wpb-content-wrapper\"><p>[vc_row css=&#8221;.vc_custom_1606190331037{margin-top: 70px !important;}&#8221;][vc_column][vc_column_text]<\/p>\n<h2><strong>Company profile<\/strong><\/h2>\n<p class=\"p1\"><span class=\"s1\">The company GALIJA COLOR s.r.o. has been operating on the Slovak market as an authorized dealer since 2005. In the interest of maximum customer care, we offer a wide selection of high-quality branded powder and liquid industrial paints from the manufacturers AXALTA (formerly DuPont), INVER, COLORE. <\/span><\/p>\n<p>[\/vc_column_text][\/vc_column][\/vc_row][vc_row css=&#8221;.vc_custom_1606190331037{margin-top: 70px !important;}&#8221;][vc_column width=&#8221;1\/4&#8243;][vc_single_image image=&#8221;394&#8243; img_size=&#8221;full&#8221; alignment=&#8221;center&#8221;][\/vc_column][vc_column width=&#8221;1\/4&#8243;][vc_empty_space height=&#8221;20px&#8221;][vc_single_image image=&#8221;395&#8243; img_size=&#8221;full&#8221; alignment=&#8221;center&#8221;][\/vc_column][vc_column width=&#8221;1\/4&#8243;][vc_empty_space height=&#8221;10px&#8221;][vc_single_image image=&#8221;396&#8243; img_size=&#8221;full&#8221; alignment=&#8221;center&#8221;][\/vc_column][vc_column width=&#8221;1\/4&#8243;][vc_single_image image=&#8221;398&#8243; img_size=&#8221;full&#8221; alignment=&#8221;center&#8221;][\/vc_column][\/vc_row][vc_row][vc_column][vc_separator css=&#8221;.vc_custom_1606198383449{padding-top: 2px !important;}&#8221;][vc_empty_space height=&#8221;40px&#8221;][\/vc_column][\/vc_row][vc_row][vc_column width=&#8221;1\/2&#8243;][vc_empty_space height=&#8221;20px&#8221;][vc_column_text]<\/p>\n<p class=\"p1\"><span class=\"s1\">Our company deals, among other things, with the sale of WAGNER application technology<\/span><\/p>\n<p>[\/vc_column_text][\/vc_column][vc_column width=&#8221;1\/2&#8243;][vc_single_image image=&#8221;438&#8243; img_size=&#8221;full&#8221; alignment=&#8221;center&#8221;][\/vc_column][\/vc_row][vc_row][vc_column][vc_empty_space height=&#8221;40px&#8221;][\/vc_column][\/vc_row][vc_row content_placement=&#8221;middle&#8221; css=&#8221;.vc_custom_1614948167880{background-color: #e9f1f8 !important;}&#8221;][vc_column width=&#8221;1\/2&#8243;][vc_column_text css=&#8221;.vc_custom_1614948236122{padding-right: 30px !important;padding-left: 50px !important;}&#8221;]<\/p>\n<h3 class=\"p1\"><strong><span class=\"s1\">Our company GALIJA COLOR s.r.o. is the holder of the ISO 9001 quality certificate. <\/span><\/strong><\/h3>\n<p>[\/vc_column_text][\/vc_column][vc_column width=&#8221;1\/2&#8243;][vc_single_image image=&#8221;417&#8243; img_size=&#8221;full&#8221; alignment=&#8221;center&#8221;][\/vc_column][\/vc_row][vc_row][vc_column][vc_column_text]<\/p>\n<p class=\"p1\"><span class=\"s1\">Over time, we have become an authorized dealer of several world brands, with the aim of meeting the increasing demands of the market and customers so that our customers get what they need in one place, in the required quality and at the optimal price.<\/span><\/p>\n<p class=\"p1\"><span class=\"s1\">The advantage of the high-quality colors offered by us is their yield and covering ability, therefore, compared to the competition, we ensure a high quality level at affordable prices.<\/span><\/p>\n<p class=\"p1\"><span class=\"s1\">In addition to the top quality of supplied colors, our customers also have an invaluable advantage over standard services, professional approach, prompt service, help in choosing suitable colors, materials, methods of treatment and application. Our employees work to respond immediately to all customer requests.<\/span><\/p>\n<p class=\"p1\"><span class=\"s1\">Our wide assortment and first-class services will guarantee your satisfaction in the field of powder and liquid industrial paints.<\/span><\/p>\n<p class=\"p1\"><span class=\"s1\">The operations in Ko\u0161ice and Lu\u017eianky near Nitra have stock with express delivery times.<\/span><\/p>\n<p class=\"p1\"><span class=\"s1\">Do you care about the satisfaction of your customers, are you looking for colors for your business, maximum comfort and complete service? <\/span><\/p>\n<p class=\"p1\"><span class=\"s1\">Work with powder and wet paints from Galija Color, optimize your costs and eliminate complaints.<\/span><\/p>\n<p>[\/vc_column_text][\/vc_column][\/vc_row][vc_row][vc_column][vc_column_text]<\/p>\n<h4 class=\"p1\"><em><span class=\"s1\">Galija Color. Your expert in powder and liquid industrial paints.<\/span><\/em><\/h4>\n<p>[\/vc_column_text][\/vc_column][\/vc_row][vc_row full_width=&#8221;stretch_row&#8221; css=&#8221;.vc_custom_1606199421926{background-color: #104772 !important;}&#8221;][vc_column][vc_column_text]<\/p>\n<h5 style=\"text-align: center;\"><span style=\"color: #ffffff;\"><strong>Do you need advice?<\/strong><\/span><\/h5>\n<p style=\"text-align: center;\"><span style=\"color: #ffffff;\">Whether you are opening a new coating operation unit or need advice on established processes, we are at your disposal. Our specialists know how to cooperate and set up the entire process step by step, from the design of the solution to the selection of a suitable painting process, the selection of coating materials, to technical supervision and staff training.<\/span><\/p>\n<p>[\/vc_column_text][\/vc_column][\/vc_row][vc_row][vc_column width=&#8221;1\/4&#8243;][vc_single_image image=&#8221;332&#8243; img_size=&#8221;full&#8221; alignment=&#8221;center&#8221;][vc_column_text css=&#8221;.vc_custom_1606197632354{margin-top: -35px !important;padding-right: 30px !important;padding-left: 30px !important;}&#8221;]<\/p>\n<h4 style=\"text-align: center;\"><strong>CONSULTANCY<\/strong><br \/>\n<strong>AND SERVICE<\/strong><\/h4>\n<p>[\/vc_column_text][\/vc_column][vc_column width=&#8221;1\/4&#8243;][vc_single_image image=&#8221;336&#8243; img_size=&#8221;full&#8221; alignment=&#8221;center&#8221;][vc_column_text css=&#8221;.vc_custom_1606197659211{margin-top: -35px !important;padding-right: 30px !important;padding-left: 30px !important;}&#8221;]<\/p>\n<h4 style=\"text-align: center;\"><strong>TOP STOCK<\/strong><br \/>\n<strong>IN SLOVAKIA<\/strong><\/h4>\n<p>[\/vc_column_text][\/vc_column][vc_column width=&#8221;1\/4&#8243;][vc_single_image image=&#8221;337&#8243; img_size=&#8221;full&#8221; alignment=&#8221;center&#8221;][vc_column_text css=&#8221;.vc_custom_1606197668019{margin-top: -35px !important;padding-right: 30px !important;padding-left: 30px !important;}&#8221;]<\/p>\n<h4 style=\"text-align: center;\"><strong>IMPORT<\/strong><br \/>\n<strong>UP TO YOU<\/strong><\/h4>\n<p>[\/vc_column_text][\/vc_column][vc_column width=&#8221;1\/4&#8243;][vc_single_image image=&#8221;338&#8243; img_size=&#8221;full&#8221; alignment=&#8221;center&#8221;][vc_column_text css=&#8221;.vc_custom_1606197676275{margin-top: -35px !important;padding-right: 30px !important;padding-left: 30px !important;}&#8221;]<\/p>\n<h4 style=\"text-align: center;\"><strong>SPEED<\/strong><br \/>\n<strong>DELIVERY<\/strong><\/h4>\n<p>[\/vc_column_text][\/vc_column][\/vc_row][vc_row full_width=&#8221;stretch_row_content_no_spaces&#8221;][vc_column][vc_separator css=&#8221;.vc_custom_1606198383449{padding-top: 2px !important;}&#8221;][\/vc_column][\/vc_row][vc_row css=&#8221;.vc_custom_1606198362384{margin-top: 80px !important;}&#8221;][vc_column width=&#8221;1\/4&#8243;][\/vc_column][vc_column width=&#8221;1\/2&#8243;][vc_column_text]<\/p>\n<h5><strong>Do not hesitate to contact us!<\/strong><\/h5>\n<p>[\/vc_column_text][vc_column_text]<\/p>\n<p style=\"text-align: center;\">On working days, Monday &#8211; Friday from 8:00 a.m. to 4:00 p.m. you can reach us on the phone numbers:<\/p>\n<p style=\"text-align: center;\"><strong>KO\u0160ICE<\/strong> 0905 881 094<br \/>\n<strong>NITRA<\/strong> 0903 993 336<\/p>\n<p style=\"text-align: center;\">You can contact us continuously by email at office@galijacolor.sk<\/p>\n<p>[\/vc_column_text]\n<div class=\"wpcf7 no-js\" id=\"wpcf7-f741-o1\" lang=\"sk-SK\" dir=\"ltr\" data-wpcf7-id=\"741\">\n<div class=\"screen-reader-response\"><p role=\"status\" aria-live=\"polite\" aria-atomic=\"true\"><\/p> <ul><\/ul><\/div>\n<form action=\"\/en\/wp-json\/wp\/v2\/pages\/691#wpcf7-f741-o1\" method=\"post\" class=\"wpcf7-form init\" aria-label=\"Kontaktn\u00fd formul\u00e1r\" novalidate=\"novalidate\" data-status=\"init\">\n<fieldset class=\"hidden-fields-container\"><input type=\"hidden\" name=\"_wpcf7\" value=\"741\" \/><input type=\"hidden\" name=\"_wpcf7_version\" value=\"6.1.4\" \/><input type=\"hidden\" name=\"_wpcf7_locale\" value=\"sk_SK\" \/><input type=\"hidden\" name=\"_wpcf7_unit_tag\" value=\"wpcf7-f741-o1\" \/><input type=\"hidden\" name=\"_wpcf7_container_post\" value=\"0\" \/><input type=\"hidden\" name=\"_wpcf7_posted_data_hash\" value=\"\" \/>\n<\/fieldset>\n<p><span class=\"wpcf7-form-control-wrap\" data-name=\"your-name\"><input size=\"40\" maxlength=\"400\" class=\"wpcf7-form-control wpcf7-text wpcf7-validates-as-required\" aria-required=\"true\" aria-invalid=\"false\" placeholder=\"Your name\" value=\"\" type=\"text\" name=\"your-name\" \/><\/span>\n<\/p>\n<p><span class=\"wpcf7-form-control-wrap\" data-name=\"your-email\"><input size=\"40\" maxlength=\"400\" class=\"wpcf7-form-control wpcf7-email wpcf7-validates-as-required wpcf7-text wpcf7-validates-as-email\" aria-required=\"true\" aria-invalid=\"false\" placeholder=\"Your email\" value=\"\" type=\"email\" name=\"your-email\" \/><\/span>\n<\/p>\n<p><span class=\"wpcf7-form-control-wrap\" data-name=\"your-subject\"><input size=\"40\" maxlength=\"400\" class=\"wpcf7-form-control wpcf7-text wpcf7-validates-as-required\" aria-required=\"true\" aria-invalid=\"false\" placeholder=\"Subject\" value=\"\" type=\"text\" name=\"your-subject\" \/><\/span>\n<\/p>\n<p><span class=\"wpcf7-form-control-wrap\" data-name=\"your-message\"><textarea cols=\"40\" rows=\"10\" maxlength=\"2000\" class=\"wpcf7-form-control wpcf7-textarea\" aria-invalid=\"false\" placeholder=\"Your message\" name=\"your-message\"><\/textarea><\/span><br \/>\n<span class=\"wpcf7-form-control-wrap\" data-name=\"acceptance-211\"><span class=\"wpcf7-form-control wpcf7-acceptance\"><span class=\"wpcf7-list-item\"><label><input type=\"checkbox\" name=\"acceptance-211\" value=\"1\" aria-invalid=\"false\" \/><span class=\"wpcf7-list-item-label\">I have read the terms and conditions <a target=\"_blank\" href=\"\/ochrana-osobnych-udajov\/\">GDPR<\/a><\/span><\/label><\/span><\/span><\/span><br \/>\n<span class=\"wpcf7-form-control-wrap\" data-name=\"acceptance-212\"><span class=\"wpcf7-form-control wpcf7-acceptance\"><span class=\"wpcf7-list-item\"><label><input type=\"checkbox\" name=\"acceptance-212\" value=\"1\" aria-invalid=\"false\" \/><span class=\"wpcf7-list-item-label\">I agree to the processing of my personal data<\/span><\/label><\/span><\/span><\/span>\n<\/p>\n<p><input class=\"wpcf7-form-control wpcf7-submit has-spinner\" type=\"submit\" value=\"Send\" \/>\n<\/p><div class=\"wpcf7-response-output\" aria-hidden=\"true\"><\/div>\n<\/form>\n<\/div>\n[\/vc_column][vc_column width=&#8221;1\/4&#8243;][\/vc_column][\/vc_row]<\/p>\n<\/div>","protected":false},"excerpt":{"rendered":"<p>[vc_row css=&#8221;.vc_custom_1606190331037{margin-top: 70px !important;}&#8221;][vc_column][vc_column_text] Company profile The company GALIJA COLOR s.r.o. has been operating on the Slovak market as an authorized dealer since 2005. In the interest of maximum customer care, we offer a wide selection of high-quality branded powder and liquid industrial paints from the manufacturers AXALTA (formerly DuPont), INVER, COLORE. [\/vc_column_text][\/vc_column][\/vc_row][vc_row css=&#8221;.vc_custom_1606190331037{margin-top: 70px&hellip;<\/p>\n","protected":false},"author":2,"featured_media":0,"parent":0,"menu_order":0,"comment_status":"closed","ping_status":"closed","template":"","meta":{"footnotes":""},"class_list":["post-691","page","type-page","status-publish","hentry","description-off"],"yoast_head":"<!-- This site is optimized with the Yoast SEO plugin v26.8 - https:\/\/yoast.com\/product\/yoast-seo-wordpress\/ -->\n<title>COMPANY PROFILE - GALIJA COLOR<\/title>\n<meta name=\"description\" content=\"The company GALIJA COLOR s.r.o. has been operating on the Slovak market as an authorized dealer of powder coatings since 2005.\" \/>\n<meta name=\"robots\" content=\"index, follow, max-snippet:-1, max-image-preview:large, max-video-preview:-1\" \/>\n<link rel=\"canonical\" href=\"https:\/\/www.galijacolor.sk\/en\/company-profile\/\" \/>\n<meta property=\"og:locale\" content=\"en_US\" \/>\n<meta property=\"og:type\" content=\"article\" \/>\n<meta property=\"og:title\" content=\"COMPANY PROFILE - GALIJA COLOR\" \/>\n<meta property=\"og:description\" content=\"The company GALIJA COLOR s.r.o. has been operating on the Slovak market as an authorized dealer of powder coatings since 2005.\" \/>\n<meta property=\"og:url\" content=\"https:\/\/www.galijacolor.sk\/en\/company-profile\/\" \/>\n<meta property=\"og:site_name\" content=\"GALIJA COLOR\" \/>\n<meta property=\"article:modified_time\" content=\"2023-07-28T08:17:58+00:00\" \/>\n<meta name=\"twitter:card\" content=\"summary_large_image\" \/>\n<meta name=\"twitter:label1\" content=\"Est. reading time\" \/>\n\t<meta name=\"twitter:data1\" content=\"3 minutes\" \/>\n<script type=\"application\/ld+json\" class=\"yoast-schema-graph\">{\"@context\":\"https:\/\/schema.org\",\"@graph\":[{\"@type\":\"WebPage\",\"@id\":\"https:\/\/www.galijacolor.sk\/en\/company-profile\/\",\"url\":\"https:\/\/www.galijacolor.sk\/en\/company-profile\/\",\"name\":\"COMPANY PROFILE - GALIJA COLOR\",\"isPartOf\":{\"@id\":\"https:\/\/www.galijacolor.sk\/#website\"},\"datePublished\":\"2021-03-05T12:59:44+00:00\",\"dateModified\":\"2023-07-28T08:17:58+00:00\",\"description\":\"The company GALIJA COLOR s.r.o. has been operating on the Slovak market as an authorized dealer of powder coatings since 2005.\",\"breadcrumb\":{\"@id\":\"https:\/\/www.galijacolor.sk\/en\/company-profile\/#breadcrumb\"},\"inLanguage\":\"en-US\",\"potentialAction\":[{\"@type\":\"ReadAction\",\"target\":[\"https:\/\/www.galijacolor.sk\/en\/company-profile\/\"]}]},{\"@type\":\"BreadcrumbList\",\"@id\":\"https:\/\/www.galijacolor.sk\/en\/company-profile\/#breadcrumb\",\"itemListElement\":[{\"@type\":\"ListItem\",\"position\":1,\"name\":\"Domovsk\u00e1 str\u00e1nka\",\"item\":\"https:\/\/www.galijacolor.sk\/en\/\"},{\"@type\":\"ListItem\",\"position\":2,\"name\":\"Company profile\"}]},{\"@type\":\"WebSite\",\"@id\":\"https:\/\/www.galijacolor.sk\/#website\",\"url\":\"https:\/\/www.galijacolor.sk\/\",\"name\":\"GALIJA COLOR\",\"description\":\"- v\u00e1\u0161 odborn\u00edk na priemyseln\u00e9 farby\",\"potentialAction\":[{\"@type\":\"SearchAction\",\"target\":{\"@type\":\"EntryPoint\",\"urlTemplate\":\"https:\/\/www.galijacolor.sk\/?s={search_term_string}\"},\"query-input\":{\"@type\":\"PropertyValueSpecification\",\"valueRequired\":true,\"valueName\":\"search_term_string\"}}],\"inLanguage\":\"en-US\"}]}<\/script>\n<!-- \/ Yoast SEO plugin. -->","yoast_head_json":{"title":"COMPANY PROFILE - GALIJA COLOR","description":"The company GALIJA COLOR s.r.o. has been operating on the Slovak market as an authorized dealer of powder coatings since 2005.","robots":{"index":"index","follow":"follow","max-snippet":"max-snippet:-1","max-image-preview":"max-image-preview:large","max-video-preview":"max-video-preview:-1"},"canonical":"https:\/\/www.galijacolor.sk\/en\/company-profile\/","og_locale":"en_US","og_type":"article","og_title":"COMPANY PROFILE - GALIJA COLOR","og_description":"The company GALIJA COLOR s.r.o. has been operating on the Slovak market as an authorized dealer of powder coatings since 2005.","og_url":"https:\/\/www.galijacolor.sk\/en\/company-profile\/","og_site_name":"GALIJA COLOR","article_modified_time":"2023-07-28T08:17:58+00:00","twitter_card":"summary_large_image","twitter_misc":{"Est. reading time":"3 minutes"},"schema":{"@context":"https:\/\/schema.org","@graph":[{"@type":"WebPage","@id":"https:\/\/www.galijacolor.sk\/en\/company-profile\/","url":"https:\/\/www.galijacolor.sk\/en\/company-profile\/","name":"COMPANY PROFILE - GALIJA COLOR","isPartOf":{"@id":"https:\/\/www.galijacolor.sk\/#website"},"datePublished":"2021-03-05T12:59:44+00:00","dateModified":"2023-07-28T08:17:58+00:00","description":"The company GALIJA COLOR s.r.o. has been operating on the Slovak market as an authorized dealer of powder coatings since 2005.","breadcrumb":{"@id":"https:\/\/www.galijacolor.sk\/en\/company-profile\/#breadcrumb"},"inLanguage":"en-US","potentialAction":[{"@type":"ReadAction","target":["https:\/\/www.galijacolor.sk\/en\/company-profile\/"]}]},{"@type":"BreadcrumbList","@id":"https:\/\/www.galijacolor.sk\/en\/company-profile\/#breadcrumb","itemListElement":[{"@type":"ListItem","position":1,"name":"Domovsk\u00e1 str\u00e1nka","item":"https:\/\/www.galijacolor.sk\/en\/"},{"@type":"ListItem","position":2,"name":"Company profile"}]},{"@type":"WebSite","@id":"https:\/\/www.galijacolor.sk\/#website","url":"https:\/\/www.galijacolor.sk\/","name":"GALIJA COLOR","description":"- v\u00e1\u0161 odborn\u00edk na priemyseln\u00e9 farby","potentialAction":[{"@type":"SearchAction","target":{"@type":"EntryPoint","urlTemplate":"https:\/\/www.galijacolor.sk\/?s={search_term_string}"},"query-input":{"@type":"PropertyValueSpecification","valueRequired":true,"valueName":"search_term_string"}}],"inLanguage":"en-US"}]}},"_links":{"self":[{"href":"https:\/\/www.galijacolor.sk\/en\/wp-json\/wp\/v2\/pages\/691","targetHints":{"allow":["GET"]}}],"collection":[{"href":"https:\/\/www.galijacolor.sk\/en\/wp-json\/wp\/v2\/pages"}],"about":[{"href":"https:\/\/www.galijacolor.sk\/en\/wp-json\/wp\/v2\/types\/page"}],"author":[{"embeddable":true,"href":"https:\/\/www.galijacolor.sk\/en\/wp-json\/wp\/v2\/users\/2"}],"replies":[{"embeddable":true,"href":"https:\/\/www.galijacolor.sk\/en\/wp-json\/wp\/v2\/comments?post=691"}],"version-history":[{"count":3,"href":"https:\/\/www.galijacolor.sk\/en\/wp-json\/wp\/v2\/pages\/691\/revisions"}],"predecessor-version":[{"id":742,"href":"https:\/\/www.galijacolor.sk\/en\/wp-json\/wp\/v2\/pages\/691\/revisions\/742"}],"wp:attachment":[{"href":"https:\/\/www.galijacolor.sk\/en\/wp-json\/wp\/v2\/media?parent=691"}],"curies":[{"name":"wp","href":"https:\/\/api.w.org\/{rel}","templated":true}]}}